{"id":14,"date":"2013-01-11T18:06:37","date_gmt":"2013-01-11T10:06:37","guid":{"rendered":"http:\/\/alpsitec-cmp.com\/cn\/?page_id=14"},"modified":"2013-01-11T18:06:37","modified_gmt":"2013-01-11T10:06:37","slug":"mentions-legales","status":"publish","type":"page","link":"https:\/\/alpsitec-cmp.com\/cn\/mentions-legales\/","title":{"rendered":"Mentions l\u00e9gales"},"content":{"rendered":"<p><strong>1 Informations g\u00e9n\u00e9rales<\/strong><br \/>\nLe site internet Alpsitec est la propri\u00e9t\u00e9 de Alpsitec SARL.<br \/>\nConception et d\u00e9veloppement du site : A3 Communication Industrielle,\u00a0\u00a0<a href=\"http:\/\/www.tyseo.net\">Tyseo<\/a>.<\/p>\n<p><strong>2 Utilisation du site<\/strong><br \/>\nL&#8217;utilisateur reconna\u00eet avoir \u00e9t\u00e9 inform\u00e9 que le site est accessible 7 jours\/7, 24 heures\/24, \u00e0 l&#8217;exception des cas de force majeure, difficult\u00e9s techniques et\/ou de difficult\u00e9s informatiques.<br \/>\nAlpsitec pourra toutefois interrompre l&#8217;acc\u00e8s au site \u00e0 sa discr\u00e9tion. Alpsitec ne saurait \u00eatre tenu pour responsable des dommages directs ou indirects, y compris l&#8217;inaccessibilit\u00e9, les pertes de donn\u00e9es, d\u00e9t\u00e9rioration, destruction ou virus qui pourraient affecter l&#8217;\u00e9quipement informatique de l&#8217;utilisateur, et\/ou de la pr\u00e9sence de virus sur son site.<br \/>\nLes informations fournies sur le site Alpsitec le sont \u00e0 titre informatif. Alpsitec ne saurait en aucun cas \u00eatre tenu responsable en cas d&#8217;erreur ou d&#8217;omission sur les informations communiqu\u00e9es, que l&#8217;utilisateur ne pourra utiliser que sous sa responsabilit\u00e9 exclusive.<\/p>\n<p><strong>3 Protection des donn\u00e9es personnelles<\/strong><br \/>\nLes donn\u00e9es personnelles que vous pouvez \u00eatre amen\u00e9es \u00e0 fournir le sont sur une base volontaire.<br \/>\nCes donn\u00e9es sont n\u00e9cessaires pour qu&#8217;Alpsitec puisse r\u00e9pondre \u00e0 vos demandes d&#8217;information, commandes de documents, etc. Elles sont exclusivement destin\u00e9es \u00e0 Alpsitec et en aucun cas ne seront transmises \u00e0 des tiers.<br \/>\nVous disposez d&#8217;un droit d&#8217;acc\u00e8s, de modification, de rectification et de suppression des donn\u00e9es qui vous concernent (article 34 de la loi \u00ab Informatique et Libert\u00e9s \u00bb). Pour l&#8217;exercer envoyer un mail \u00e0 info@alpsitec.com.<br \/>\nLe pr\u00e9sent site est enregistr\u00e9 aupr\u00e8s de la CNIL.<\/p>\n<p><strong>4 Respect de la l\u00e9gislation<\/strong><br \/>\nLes utilisateurs du site alpsitec.com sont notamment tenus de respecter les dispositions de la loi du 6 janvier 1978 relative \u00e0 l&#8217;Informatique, aux fichiers et aux libert\u00e9s, dont la violation est passible de sanctions p\u00e9nales.<br \/>\nL&#8217;ensemble de ce site rel\u00e8ve de la l\u00e9gislation fran\u00e7aise et internationale sur le droit d&#8217;auteur et la propri\u00e9t\u00e9 intellectuelle. Tous les droits de reproduction sont r\u00e9serv\u00e9s, y compris pour les repr\u00e9sentations iconographiques et photographiques.<br \/>\nLes photographies sont la propri\u00e9t\u00e9 de Alpsitec.<br \/>\nLa reproduction de tout ou partie de ce site par quelque proc\u00e9d\u00e9 que ce soit et sur quelque support que ce soit est formellement interdite sauf autorisation expresse de Alpsitec et constituerait une contrefa\u00e7on sanctionn\u00e9e par les articles L 335-2 et suivants du Code de la Propri\u00e9t\u00e9 Intellectuelle.<br \/>\nLes marques de Alpsitec ainsi que les logos figurant sur le site sont des marques d\u00e9pos\u00e9es. Toute reproduction ou repr\u00e9sentation totale ou partielle de ces marques ou de ces logos, seules ou int\u00e9gr\u00e9es \u00e0 d&#8217;autres \u00e9l\u00e9ments, sans l&#8217;autorisation expresse et pr\u00e9alable de Alpsitec est prohib\u00e9e, et engagerait la responsabilit\u00e9 de l&#8217;utilisateur au sens des articles L 713-2 et L 713-3 du Code de la Propri\u00e9t\u00e9 Intellectuelle.<br \/>\nDans l&#8217;hypoth\u00e8se o\u00f9 un utilisateur souhaiterait utiliser un des contenus du site (texte, image etc\u2026), il s&#8217;engage \u00e0 requ\u00e9rir l&#8217;autorisation pr\u00e9alable et \u00e9crite de Alpsitec, en envoyant un mail \u00e0 info@alpsitec.com.<\/p>\n<p><strong>6 Liens hypertextes<\/strong><br \/>\nLes utilisateurs et visiteurs du site alpsitec-cmp.com ne peuvent en aucun cas mettre en place un lien hypertexte en direction du site alpsitec-cmp.com sans l&#8217;autorisation \u00e9crite et pr\u00e9alable d&#8217;Alpsitec. Toute demande tendant \u00e0 cette fin doit \u00eatre adress\u00e9e \u00e0 info@alpsitec.com.<\/p>\n","protected":false},"excerpt":{"rendered":"<p>1 Informations g\u00e9n\u00e9rales Le site internet Alpsitec est la propri\u00e9t\u00e9 de Alpsitec SARL. Conception et d\u00e9veloppement du site : A3&#8230;<\/p>\n","protected":false},"author":1,"featured_media":0,"parent":0,"menu_order":0,"comment_status":"open","ping_status":"open","template":"","meta":[],"aioseo_notices":[],"_links":{"self":[{"href":"https:\/\/alpsitec-cmp.com\/cn\/wp-json\/wp\/v2\/pages\/14"}],"collection":[{"href":"https:\/\/alpsitec-cmp.com\/cn\/wp-json\/wp\/v2\/pages"}],"about":[{"href":"https:\/\/alpsitec-cmp.com\/cn\/wp-json\/wp\/v2\/types\/page"}],"author":[{"embeddable":true,"href":"https:\/\/alpsitec-cmp.com\/cn\/wp-json\/wp\/v2\/users\/1"}],"replies":[{"embeddable":true,"href":"https:\/\/alpsitec-cmp.com\/cn\/wp-json\/wp\/v2\/comments?post=14"}],"version-history":[{"count":1,"href":"https:\/\/alpsitec-cmp.com\/cn\/wp-json\/wp\/v2\/pages\/14\/revisions"}],"predecessor-version":[{"id":17,"href":"https:\/\/alpsitec-cmp.com\/cn\/wp-json\/wp\/v2\/pages\/14\/revisions\/17"}],"wp:attachment":[{"href":"https:\/\/alpsitec-cmp.com\/cn\/wp-json\/wp\/v2\/media?parent=14"}],"curies":[{"name":"wp","href":"https:\/\/api.w.org\/{rel}","templated":true}]}}